{"id":2683,"date":"2023-03-17T14:21:55","date_gmt":"2023-12-16T17:21:53","guid":{"rendered":"https:\/\/pilepoil.ca\/product\/cote-de-boeuf-petite-1lb\/"},"modified":"2023-12-16T12:21:53","modified_gmt":"2023-12-16T17:21:53","slug":"cote-de-boeuf-petite-1lb","status":"publish","type":"product","link":"https:\/\/pilepoil.ca\/en\/product\/cote-de-boeuf-petite-1lb\/","title":{"rendered":"C\u00f4te de Boeuf Petite 1lb"},"content":{"rendered":"<p style=\"margin-top:1em;margin-bottom:1em;color:#333333;font-family:Verdana, Arial, Helvetica, sans-serif;font-size:12px\"><strong style=\"color:#585858;font-family:Quicksand, sans-serif;font-size:15px\">PROPRI\u00c9T\u00c9S<\/strong><span style=\"color:#585858;font-family:Quicksand, sans-serif;font-size:15px;font-weight:bold;background-color:#ffffff\">:<\/span><\/p>\n<ul style=\"margin-bottom:1em;margin-left:20px;color:#585858;font-family:Quicksand, sans-serif;font-size:15px;font-weight:bold\">\n<li style=\"margin-bottom:0.4em\">Produits au Canada par la compagnie Big Country Raw<\/li>\n<li style=\"margin-bottom:0.4em\">Grade consommation humaine<\/li>\n<li style=\"margin-bottom:0.4em\">Os r\u00e9cr\u00e9atif qui favorise une bonne sant\u00e9 buccal<\/li>\n<li style=\"margin-bottom:0.4em\">Pour chiens toute grandeur\u00a0<\/li>\n<li style=\"margin-bottom:0.4em\">R\u00e9pond au besoin masticatoire et mental<\/li>\n<li style=\"margin-bottom:0.4em\">Boeuf \u00e9lev\u00e9 en p\u00e2turage \u00a0<\/li>\n<li style=\"margin-bottom:0.4em\">Sans hormone et antibiotique\u00a0<\/li>\n<\/ul>\n<p style=\"margin-top:1em;margin-bottom:1em;color:#333333;font-family:Verdana, Arial, Helvetica, sans-serif;font-size:12px\"><strong style=\"color:#585858;font-family:Quicksand, sans-serif;font-size:15px\">MODE D&#8217;EMPLOI:<\/strong><\/p>\n<ul style=\"margin-bottom:1em;margin-left:20px;color:#585858;font-family:Quicksand, sans-serif;font-size:15px;font-weight:bold\">\n<li style=\"margin-bottom:0.4em\">Peut \u00eatre offert 2 \u00e0 3 fois par semaine\u00a0<\/li>\n<\/ul>\n<p style=\"margin-top:1em;margin-bottom:1em;color:#333333;font-family:Verdana, Arial, Helvetica, sans-serif;font-size:12px\"><strong style=\"color:#585858;font-family:Quicksand, sans-serif;font-size:15px\">INGR\u00c9DIENTS:<\/strong><\/p>\n<ul style=\"margin-bottom:10px;color:#333333;font-family:Verdana, Arial, Helvetica, sans-serif;font-size:12px\">\n<li><span style=\"font-size:10pt\"><span style=\"font-size:medium\"><span style=\"font-size:10pt\">C\u00f4te de Boeuf Petite<\/span><\/span><\/span><\/li>\n<\/ul>\n","protected":false},"excerpt":{"rendered":"<p style=\"margin-top:1em;margin-bottom:1em;color:#333333;font-family:Verdana, Arial, Helvetica, sans-serif;font-size:12px\"><strong style=\"color:#585858;font-family:Quicksand, sans-serif;font-size:15px\">PROPRI\u00c9T\u00c9S<\/strong><span style=\"color:#585858;font-family:Quicksand, sans-serif;font-size:15px;font-weight:bold;background-color:#ffffff\">:<\/span><\/p>\n<ul style=\"margin-bottom:1em;margin-left:20px;color:#585858;font-family:Quicksand, sans-serif;font-size:15px;font-weight:bold\">\n<li style=\"margin-bottom:0.4em\">Produits au Canada par la compagnie Big Country Raw<\/li>\n<li style=\"margin-bottom:0.4em\">Grade consommation humaine<\/li>\n<li style=\"margin-bottom:0.4em\">Os r\u00e9cr\u00e9atif qui favorise une bonne sant\u00e9 buccal<\/li>\n<li style=\"margin-bottom:0.4em\">Pour chiens toute grandeur\u00a0<\/li>\n<li style=\"margin-bottom:0.4em\">R\u00e9pond au besoin masticatoire et mental<\/li>\n<li style=\"margin-bottom:0.4em\">Boeuf \u00e9lev\u00e9 en p\u00e2turage \u00a0<\/li>\n<li style=\"margin-bottom:0.4em\">Sans hormone et antibiotique\u00a0<\/li>\n<\/ul>\n<p style=\"margin-top:1em;margin-bottom:1em;color:#333333;font-family:Verdana, Arial, Helvetica, sans-serif;font-size:12px\"><strong style=\"color:#585858;font-family:Quicksand, sans-serif;font-size:15px\">MODE D&#8217;EMPLOI:<\/strong><\/p>\n<ul style=\"margin-bottom:1em;margin-left:20px;color:#585858;font-family:Quicksand, sans-serif;font-size:15px;font-weight:bold\">\n<li style=\"margin-bottom:0.4em\">Peut \u00eatre offert 2 \u00e0 3 fois par semaine\u00a0<\/li>\n<\/ul>\n<p style=\"margin-top:1em;margin-bottom:1em;color:#333333;font-family:Verdana, Arial, Helvetica, sans-serif;font-size:12px\"><strong style=\"color:#585858;font-family:Quicksand, sans-serif;font-size:15px\">INGR\u00c9DIENTS:<\/strong><\/p>\n<ul style=\"margin-bottom:10px;color:#333333;font-family:Verdana, Arial, Helvetica, sans-serif;font-size:12px\">\n<li><span style=\"font-size:10pt\"><span style=\"font-size:medium\"><span style=\"font-size:10pt\">C\u00f4te de Boeuf Petite<\/span><\/span><\/span><\/li>\n<\/ul>\n","protected":false},"featured_media":2680,"template":"","meta":{"neve_meta_sidebar":"","neve_meta_container":"","neve_meta_enable_content_width":"","neve_meta_content_width":0,"neve_meta_title_alignment":"","neve_meta_author_avatar":"","neve_post_elements_order":"","neve_meta_disable_header":"","neve_meta_disable_footer":"","neve_meta_disable_title":""},"product_cat":[29],"product_tag":[],"_links":{"self":[{"href":"https:\/\/pilepoil.ca\/en\/wp-json\/wp\/v2\/product\/2683"}],"collection":[{"href":"https:\/\/pilepoil.ca\/en\/wp-json\/wp\/v2\/product"}],"about":[{"href":"https:\/\/pilepoil.ca\/en\/wp-json\/wp\/v2\/types\/product"}],"wp:featuredmedia":[{"embeddable":true,"href":"https:\/\/pilepoil.ca\/en\/wp-json\/wp\/v2\/media\/2680"}],"wp:attachment":[{"href":"https:\/\/pilepoil.ca\/en\/wp-json\/wp\/v2\/media?parent=2683"}],"wp:term":[{"taxonomy":"product_cat","embeddable":true,"href":"https:\/\/pilepoil.ca\/en\/wp-json\/wp\/v2\/product_cat?post=2683"},{"taxonomy":"product_tag","embeddable":true,"href":"https:\/\/pilepoil.ca\/en\/wp-json\/wp\/v2\/product_tag?post=2683"}],"curies":[{"name":"wp","href":"https:\/\/api.w.org\/{rel}","templated":true}]}}